{"id":26920,"date":"2026-03-30T14:00:20","date_gmt":"2026-03-30T14:00:20","guid":{"rendered":"https:\/\/eurometodix.innovandolaweb.com\/?page_id=26920"},"modified":"2026-04-08T03:08:49","modified_gmt":"2026-04-08T03:08:49","slug":"propuesta-de-valor","status":"publish","type":"page","link":"https:\/\/eurometodix.innovandolaweb.com\/us\/propuesta-de-valor\/","title":{"rendered":"Value Proposition"},"content":{"rendered":"<div data-elementor-type=\"wp-post\" data-elementor-id=\"26920\" class=\"elementor elementor-26920\" data-elementor-post-type=\"page\">\n\t\t\t\t<div class=\"elementor-element elementor-element-7c1e0b9 e-con-full e-flex e-con e-parent\" data-id=\"7c1e0b9\" data-element_type=\"container\" data-e-type=\"container\" data-settings=\"{&quot;background_background&quot;:&quot;classic&quot;}\">\n\t\t<div class=\"elementor-element elementor-element-edd70a4 e-con-full e-flex e-con e-child\" data-id=\"edd70a4\" data-element_type=\"container\" data-e-type=\"container\">\n\t\t\t\t<div class=\"elementor-element elementor-element-e25f101 elementor-widget__width-inherit elementor-widget elementor-widget-hfe-infocard\" data-id=\"e25f101\" data-element_type=\"widget\" data-e-type=\"widget\" data-widget_type=\"hfe-infocard.default\">\n\t\t\t\t<div class=\"elementor-widget-container\">\n\t\t\t\t\t\n\t\t<div class=\"hfe-infocard\">\n\t\t\t\t\t\t\t\t\t<div class=\"hfe-infocard-title-wrap\">\n\t\t\t\t<h1 class=\"hfe-infocard-title elementor-inline-editing\" data-elementor-setting-key=\"infocard_title\" data-elementor-inline-editing-toolbar=\"basic\" >Value Proposition<\/h1>\t\t\t<\/div>\n\t\t\t\t\t\t<div class=\"hfe-infocard-text-wrap\">\n\t\t\t\t<div class=\"hfe-infocard-text elementor-inline-editing\" data-elementor-setting-key=\"infocard_description\" data-elementor-inline-editing-toolbar=\"advanced\">\n\t\t\t\t\t\t\t\t\t<\/div>\n\t\t\t\t\t\t\t<\/div>\n\t\t<\/div>\n\n\t\t\t\t\t\t<\/div>\n\t\t\t\t<\/div>\n\t\t\t\t<\/div>\n\t\t\t\t<\/div>\n\t\t<div class=\"elementor-element elementor-element-618e6d0 e-flex e-con-boxed e-con e-parent\" data-id=\"618e6d0\" data-element_type=\"container\" data-e-type=\"container\" data-settings=\"{&quot;background_background&quot;:&quot;classic&quot;}\">\n\t\t\t\t\t<div class=\"e-con-inner\">\n\t\t<div class=\"elementor-element elementor-element-f9515a0 e-con-full e-flex e-con e-child\" data-id=\"f9515a0\" data-element_type=\"container\" data-e-type=\"container\">\n\t\t<div class=\"elementor-element elementor-element-7f8f602 e-flex e-con-boxed e-con e-child\" data-id=\"7f8f602\" data-element_type=\"container\" data-e-type=\"container\">\n\t\t\t\t\t<div class=\"e-con-inner\">\n\t\t<div class=\"elementor-element elementor-element-b31929a e-con-full e-flex e-con e-child\" data-id=\"b31929a\" data-element_type=\"container\" data-e-type=\"container\" data-settings=\"{&quot;background_background&quot;:&quot;classic&quot;}\">\n\t\t\t\t<div class=\"elementor-element elementor-element-de02add elementor-widget-mobile__width-inherit elementor-invisible elementor-widget elementor-widget-image\" data-id=\"de02add\" data-element_type=\"widget\" data-e-type=\"widget\" data-settings=\"{&quot;_animation&quot;:&quot;fadeInUp&quot;}\" data-widget_type=\"image.default\">\n\t\t\t\t<div class=\"elementor-widget-container\">\n\t\t\t\t\t\t\t\t\t\t\t\t\t\t\t<img fetchpriority=\"high\" decoding=\"async\" width=\"1044\" height=\"1430\" src=\"https:\/\/eurometodix.innovandolaweb.com\/wp-content\/uploads\/2026\/04\/propuesta-okimg.png\" class=\"attachment-full size-full wp-image-27218\" alt=\"\" srcset=\"https:\/\/eurometodix.innovandolaweb.com\/wp-content\/uploads\/2026\/04\/propuesta-okimg.png 1044w, https:\/\/eurometodix.innovandolaweb.com\/wp-content\/uploads\/2026\/04\/propuesta-okimg-219x300.png 219w, https:\/\/eurometodix.innovandolaweb.com\/wp-content\/uploads\/2026\/04\/propuesta-okimg-748x1024.png 748w, https:\/\/eurometodix.innovandolaweb.com\/wp-content\/uploads\/2026\/04\/propuesta-okimg-768x1052.png 768w\" sizes=\"(max-width: 1044px) 100vw, 1044px\" \/>\t\t\t\t\t\t\t\t\t\t\t\t\t\t\t<\/div>\n\t\t\t\t<\/div>\n\t\t\t\t<\/div>\n\t\t<div class=\"elementor-element elementor-element-ec441a8 e-con-full e-flex elementor-invisible e-con e-child\" data-id=\"ec441a8\" data-element_type=\"container\" data-e-type=\"container\" data-settings=\"{&quot;background_background&quot;:&quot;classic&quot;,&quot;animation&quot;:&quot;zoomInDown&quot;}\">\n\t\t\t\t<div class=\"elementor-element elementor-element-df8185a elementor-widget elementor-widget-heading\" data-id=\"df8185a\" data-element_type=\"widget\" data-e-type=\"widget\" data-widget_type=\"heading.default\">\n\t\t\t\t<div class=\"elementor-widget-container\">\n\t\t\t\t\t<h2 class=\"elementor-heading-title elementor-size-default\">Challenges addressed by Eurometodix<\/h2>\t\t\t\t<\/div>\n\t\t\t\t<\/div>\n\t\t\t\t<div class=\"elementor-element elementor-element-890d2e5 elementor-widget elementor-widget-text-editor\" data-id=\"890d2e5\" data-element_type=\"widget\" data-e-type=\"widget\" data-widget_type=\"text-editor.default\">\n\t\t\t\t<div class=\"elementor-widget-container\">\n\t\t\t\t\t\t\t\t\t<p>International, multilateral and cooperative organisations are increasingly facing the need to design, implement and evaluate interventions in contexts characterised by high economic uncertainty, budget constraints and reinforced demands for accountability.<\/p><p>In this environment, the main challenges identified are:<\/p><ul><li>Limitations in internal capacity to perform advanced economic and econometric analyses.<\/li><li>Difficulty in transforming large volumes of heterogeneous data into clear and actionable evidence.<\/li><li>Need to evaluate the impacts and results of programs and policies under methodological standards required by donors and funding agencies.<\/li><li>Scarcity of prospective analyses and quantitative scenarios that allow anticipating risks and guiding strategic planning.<\/li><\/ul><p><strong>Eurometodix<\/strong> It emerges to fill these technical gaps, providing specialized analytical capabilities that strengthen evidence-based decision-making.<\/p>\t\t\t\t\t\t\t\t<\/div>\n\t\t\t\t<\/div>\n\t\t\t\t<\/div>\n\t\t\t\t\t<\/div>\n\t\t\t\t<\/div>\n\t\t\t\t<\/div>\n\t\t\t\t\t<\/div>\n\t\t\t\t<\/div>\n\t\t<div class=\"elementor-element elementor-element-84c536d e-flex e-con-boxed e-con e-parent\" data-id=\"84c536d\" data-element_type=\"container\" data-e-type=\"container\" data-settings=\"{&quot;background_background&quot;:&quot;classic&quot;}\">\n\t\t\t\t\t<div class=\"e-con-inner\">\n\t\t<div class=\"elementor-element elementor-element-37912c8 e-con-full e-flex e-con e-child\" data-id=\"37912c8\" data-element_type=\"container\" data-e-type=\"container\">\n\t\t<div class=\"elementor-element elementor-element-a4dafbd e-con-full e-flex e-con e-child\" data-id=\"a4dafbd\" data-element_type=\"container\" data-e-type=\"container\">\n\t\t<div class=\"elementor-element elementor-element-56d743f e-con-full e-flex elementor-invisible e-con e-child\" data-id=\"56d743f\" data-element_type=\"container\" data-e-type=\"container\" data-settings=\"{&quot;background_background&quot;:&quot;classic&quot;,&quot;animation&quot;:&quot;zoomInDown&quot;}\">\n\t\t\t\t<div class=\"elementor-element elementor-element-ea9f64b elementor-widget elementor-widget-heading\" data-id=\"ea9f64b\" data-element_type=\"widget\" data-e-type=\"widget\" data-widget_type=\"heading.default\">\n\t\t\t\t<div class=\"elementor-widget-container\">\n\t\t\t\t\t<h2 class=\"elementor-heading-title elementor-size-default\">Core value proposition<\/h2>\t\t\t\t<\/div>\n\t\t\t\t<\/div>\n\t\t\t\t<div class=\"elementor-element elementor-element-a3334e1 elementor-widget elementor-widget-text-editor\" data-id=\"a3334e1\" data-element_type=\"widget\" data-e-type=\"widget\" data-widget_type=\"text-editor.default\">\n\t\t\t\t<div class=\"elementor-widget-container\">\n\t\t\t\t\t\t\t\t\t<p>The value proposition of <b>Eurometodix <\/b>It is based on acting as a specialised technical partner, capable of providing rigorous economic analysis, advanced quantitative models, and strategic data management, adapted to the specific needs of each institution and operational context.<\/p><p>Unlike generalist consultancies, Eurometodix offers:<\/p><ul><li>Tailor-made solutions, designed according to the client's analytical and decision objectives.<\/li><li>Methodological depth, through the use of econometric, statistical and data science tools.<\/li><li>Focus on decision-making, translating technical results into clear and operational recommendations.<\/li><\/ul><p>Our unique selling point lies in our ability to convert quantitative evidence into clear, actionable recommendations, facilitating more robust, efficient decisions aligned with each institution\u2019s strategic objectives.<\/p>\t\t\t\t\t\t\t\t<\/div>\n\t\t\t\t<\/div>\n\t\t\t\t<\/div>\n\t\t<div class=\"elementor-element elementor-element-e25e158 e-con-full e-flex e-con e-child\" data-id=\"e25e158\" data-element_type=\"container\" data-e-type=\"container\" data-settings=\"{&quot;background_background&quot;:&quot;classic&quot;}\">\n\t\t\t\t<div class=\"elementor-element elementor-element-502fafe elementor-invisible elementor-widget elementor-widget-image\" data-id=\"502fafe\" data-element_type=\"widget\" data-e-type=\"widget\" data-settings=\"{&quot;_animation&quot;:&quot;fadeInUp&quot;}\" data-widget_type=\"image.default\">\n\t\t\t\t<div class=\"elementor-widget-container\">\n\t\t\t\t\t\t\t\t\t\t\t\t\t\t\t<img decoding=\"async\" width=\"1044\" height=\"1430\" src=\"https:\/\/eurometodix.innovandolaweb.com\/wp-content\/uploads\/2026\/04\/propuesta33img.png\" class=\"attachment-full size-full wp-image-27236\" alt=\"\" srcset=\"https:\/\/eurometodix.innovandolaweb.com\/wp-content\/uploads\/2026\/04\/propuesta33img.png 1044w, https:\/\/eurometodix.innovandolaweb.com\/wp-content\/uploads\/2026\/04\/propuesta33img-219x300.png 219w, https:\/\/eurometodix.innovandolaweb.com\/wp-content\/uploads\/2026\/04\/propuesta33img-748x1024.png 748w, https:\/\/eurometodix.innovandolaweb.com\/wp-content\/uploads\/2026\/04\/propuesta33img-768x1052.png 768w\" sizes=\"(max-width: 1044px) 100vw, 1044px\" \/>\t\t\t\t\t\t\t\t\t\t\t\t\t\t\t<\/div>\n\t\t\t\t<\/div>\n\t\t\t\t<\/div>\n\t\t\t\t<\/div>\n\t\t\t\t<\/div>\n\t\t\t\t\t<\/div>\n\t\t\t\t<\/div>\n\t\t<div class=\"elementor-element elementor-element-96d1bc0 e-flex e-con-boxed e-con e-parent\" data-id=\"96d1bc0\" data-element_type=\"container\" data-e-type=\"container\" data-settings=\"{&quot;background_background&quot;:&quot;classic&quot;}\">\n\t\t\t\t\t<div class=\"e-con-inner\">\n\t\t\t\t<div class=\"elementor-element elementor-element-c7924f7 elementor-widget elementor-widget-heading\" data-id=\"c7924f7\" data-element_type=\"widget\" data-e-type=\"widget\" data-widget_type=\"heading.default\">\n\t\t\t\t<div class=\"elementor-widget-container\">\n\t\t\t\t\t<h2 class=\"elementor-heading-title elementor-size-default\">Important <\/h2>\t\t\t\t<\/div>\n\t\t\t\t<\/div>\n\t\t\t\t<div class=\"elementor-element elementor-element-77e8210 elementor-widget elementor-widget-heading\" data-id=\"77e8210\" data-element_type=\"widget\" data-e-type=\"widget\" data-widget_type=\"heading.default\">\n\t\t\t\t<div class=\"elementor-widget-container\">\n\t\t\t\t\t<h2 class=\"elementor-heading-title elementor-size-default\">Value Proposition<\/h2>\t\t\t\t<\/div>\n\t\t\t\t<\/div>\n\t\t\t\t<div class=\"elementor-element elementor-element-d2a8aa9 elementor-widget elementor-widget-text-editor\" data-id=\"d2a8aa9\" data-element_type=\"widget\" data-e-type=\"widget\" data-widget_type=\"text-editor.default\">\n\t\t\t\t<div class=\"elementor-widget-container\">\n\t\t\t\t\t\t\t\t\t<p>The value proposition is structured around three complementary axes:<\/p>\t\t\t\t\t\t\t\t<\/div>\n\t\t\t\t<\/div>\n\t\t\t\t\t<\/div>\n\t\t\t\t<\/div>\n\t\t<div class=\"elementor-element elementor-element-4f9ce6e e-flex e-con-boxed e-con e-parent\" data-id=\"4f9ce6e\" data-element_type=\"container\" data-e-type=\"container\" data-settings=\"{&quot;background_background&quot;:&quot;classic&quot;}\">\n\t\t\t\t\t<div class=\"e-con-inner\">\n\t\t<div class=\"elementor-element elementor-element-e4b3f86 e-con-full e-flex e-con e-child\" data-id=\"e4b3f86\" data-element_type=\"container\" data-e-type=\"container\">\n\t\t<div class=\"elementor-element elementor-element-5f749be e-flex e-con-boxed e-con e-child\" data-id=\"5f749be\" data-element_type=\"container\" data-e-type=\"container\" data-settings=\"{&quot;background_background&quot;:&quot;classic&quot;}\">\n\t\t\t\t\t<div class=\"e-con-inner\">\n\t\t\t\t<div class=\"elementor-element elementor-element-e69d1ed elementor-vertical-align-top elementor-widget elementor-widget-image-box\" data-id=\"e69d1ed\" data-element_type=\"widget\" data-e-type=\"widget\" data-widget_type=\"image-box.default\">\n\t\t\t\t<div class=\"elementor-widget-container\">\n\t\t\t\t\t<div class=\"elementor-image-box-wrapper\"><div class=\"elementor-image-box-content\"><h2 class=\"elementor-image-box-title\">Economic Studies and Analysis<\/h2><\/div><\/div>\t\t\t\t<\/div>\n\t\t\t\t<\/div>\n\t\t\t\t<div class=\"elementor-element elementor-element-748775a elementor-widget elementor-widget-text-editor\" data-id=\"748775a\" data-element_type=\"widget\" data-e-type=\"widget\" data-widget_type=\"text-editor.default\">\n\t\t\t\t<div class=\"elementor-widget-container\">\n\t\t\t\t\t\t\t\t\t<ul><li>Macroeconomic and current affairs analysis.<\/li><li>Microeconomic studies based on microdata.<\/li><li>Ex-ante and ex-post evaluation of public policies and programs.<\/li><li style=\"text-align: left;\">Estimation of economic, social and financial impacts.<\/li><li style=\"text-align: left;\">Development of baseline, optimistic, and adverse scenarios.<\/li><\/ul>\t\t\t\t\t\t\t\t<\/div>\n\t\t\t\t<\/div>\n\t\t\t\t<div class=\"elementor-element elementor-element-197ae29 elementor-widget elementor-widget-text-editor\" data-id=\"197ae29\" data-element_type=\"widget\" data-e-type=\"widget\" data-widget_type=\"text-editor.default\">\n\t\t\t\t<div class=\"elementor-widget-container\">\n\t\t\t\t\t\t\t\t\t<p>This axis allows organizations to understand the environment in which they operate, evaluate alternatives, and anticipate the effects of their decisions.<\/p>\t\t\t\t\t\t\t\t<\/div>\n\t\t\t\t<\/div>\n\t\t\t\t\t<\/div>\n\t\t\t\t<\/div>\n\t\t\t\t<\/div>\n\t\t<div class=\"elementor-element elementor-element-27691fd e-con-full e-flex e-con e-child\" data-id=\"27691fd\" data-element_type=\"container\" data-e-type=\"container\">\n\t\t<div class=\"elementor-element elementor-element-dfdd80b e-flex e-con-boxed e-con e-child\" data-id=\"dfdd80b\" data-element_type=\"container\" data-e-type=\"container\" data-settings=\"{&quot;background_background&quot;:&quot;classic&quot;}\">\n\t\t\t\t\t<div class=\"e-con-inner\">\n\t\t\t\t<div class=\"elementor-element elementor-element-ee01da1 elementor-vertical-align-top elementor-widget elementor-widget-image-box\" data-id=\"ee01da1\" data-element_type=\"widget\" data-e-type=\"widget\" data-widget_type=\"image-box.default\">\n\t\t\t\t<div class=\"elementor-widget-container\">\n\t\t\t\t\t<div class=\"elementor-image-box-wrapper\"><div class=\"elementor-image-box-content\"><h2 class=\"elementor-image-box-title\">Advanced Data Management<\/h2><\/div><\/div>\t\t\t\t<\/div>\n\t\t\t\t<\/div>\n\t\t\t\t<div class=\"elementor-element elementor-element-ce35c45 elementor-widget elementor-widget-text-editor\" data-id=\"ce35c45\" data-element_type=\"widget\" data-e-type=\"widget\" data-widget_type=\"text-editor.default\">\n\t\t\t\t<div class=\"elementor-widget-container\">\n\t\t\t\t\t\t\t\t\t<ul><li>Data collection through surveys, scraping, and global administrative sources.<\/li><li>Cleaning, harmonization and validation of complex databases.<\/li><li>Automation of processes and data pipelines.<\/li><li>Construction of performance indicators, indices and metrics.<\/li><li style=\"text-align: left;\">Visualization through interactive dashboards and monitoring systems.<\/li><\/ul>\t\t\t\t\t\t\t\t<\/div>\n\t\t\t\t<\/div>\n\t\t\t\t<div class=\"elementor-element elementor-element-631878c elementor-widget elementor-widget-text-editor\" data-id=\"631878c\" data-element_type=\"widget\" data-e-type=\"widget\" data-widget_type=\"text-editor.default\">\n\t\t\t\t<div class=\"elementor-widget-container\">\n\t\t\t\t\t\t\t\t\t<p>This axis ensures that the evidence used is consistent, traceable and replicable, complying with technical and auditing standards.<\/p>\t\t\t\t\t\t\t\t<\/div>\n\t\t\t\t<\/div>\n\t\t\t\t\t<\/div>\n\t\t\t\t<\/div>\n\t\t\t\t<\/div>\n\t\t<div class=\"elementor-element elementor-element-5d30717 e-con-full e-flex e-con e-child\" data-id=\"5d30717\" data-element_type=\"container\" data-e-type=\"container\">\n\t\t<div class=\"elementor-element elementor-element-8cc2e9a e-flex e-con-boxed e-con e-child\" data-id=\"8cc2e9a\" data-element_type=\"container\" data-e-type=\"container\" data-settings=\"{&quot;background_background&quot;:&quot;classic&quot;}\">\n\t\t\t\t\t<div class=\"e-con-inner\">\n\t\t\t\t<div class=\"elementor-element elementor-element-8983eb2 elementor-vertical-align-top elementor-widget elementor-widget-image-box\" data-id=\"8983eb2\" data-element_type=\"widget\" data-e-type=\"widget\" data-widget_type=\"image-box.default\">\n\t\t\t\t<div class=\"elementor-widget-container\">\n\t\t\t\t\t<div class=\"elementor-image-box-wrapper\"><div class=\"elementor-image-box-content\"><h2 class=\"elementor-image-box-title\">Sustainability and Environmental Analysis<\/h2><\/div><\/div>\t\t\t\t<\/div>\n\t\t\t\t<\/div>\n\t\t\t\t<div class=\"elementor-element elementor-element-7d40833 elementor-widget elementor-widget-text-editor\" data-id=\"7d40833\" data-element_type=\"widget\" data-e-type=\"widget\" data-widget_type=\"text-editor.default\">\n\t\t\t\t<div class=\"elementor-widget-container\">\n\t\t\t\t\t\t\t\t\t<ul><li>Environmental impact assessment of projects, investments and public policies.<\/li><li>Integration of ESG criteria into economic and financial analysis.<\/li><li>Modeling of climate and energy transition scenarios.<\/li><li>Cost-benefit analysis of environmental measures.<\/li><li>Development of global sustainability indicators and environmental metrics.<\/li><li>Environmental risk assessment in projects and portfolios.<\/li><\/ul>\t\t\t\t\t\t\t\t<\/div>\n\t\t\t\t<\/div>\n\t\t\t\t<div class=\"elementor-element elementor-element-a99f116 elementor-widget elementor-widget-text-editor\" data-id=\"a99f116\" data-element_type=\"widget\" data-e-type=\"widget\" data-widget_type=\"text-editor.default\">\n\t\t\t\t<div class=\"elementor-widget-container\">\n\t\t\t\t\t\t\t\t\t<p>This axis incorporates the environmental dimension into economic analysis in a structured way, allowing organizations to anticipate risks, comply with regulatory requirements, and align their decisions with sustainability goals.<\/p>\t\t\t\t\t\t\t\t<\/div>\n\t\t\t\t<\/div>\n\t\t\t\t\t<\/div>\n\t\t\t\t<\/div>\n\t\t\t\t<\/div>\n\t\t\t\t\t<\/div>\n\t\t\t\t<\/div>\n\t\t\t\t<\/div>","protected":false},"excerpt":{"rendered":"<p>Propuesta de Valor Retos que aborda Eurometodix Las organizaciones internacionales, multilaterales y de cooperaci\u00f3n enfrentan de manera creciente la necesidad de dise\u00f1ar, implementar y evaluar intervenciones en contextos caracterizados por alta incertidumbre econ\u00f3mica, restricciones presupuestarias y exigencias reforzadas de rendici\u00f3n de cuentas. En este entorno, los principales retos identificados son: Limitaciones en la capacidad interna [&hellip;]<\/p>\n","protected":false},"author":1,"featured_media":0,"parent":0,"menu_order":0,"comment_status":"closed","ping_status":"closed","template":"","meta":{"site-sidebar-layout":"no-sidebar","site-content-layout":"page-builder","ast-site-content-layout":"default","site-content-style":"default","site-sidebar-style":"default","ast-global-header-display":"","ast-banner-title-visibility":"","ast-main-header-display":"","ast-hfb-above-header-display":"","ast-hfb-below-header-display":"","ast-hfb-mobile-header-display":"","site-post-title":"disabled","ast-breadcrumbs-content":"","ast-featured-img":"disabled","footer-sml-layout":"","ast-disable-related-posts":"","theme-transparent-header-meta":"enabled","adv-header-id-meta":"","stick-header-meta":"","header-above-stick-meta":"","header-main-stick-meta":"","header-below-stick-meta":"","astra-migrate-meta-layouts":"default","ast-page-background-enabled":"default","ast-page-background-meta":{"desktop":{"background-color":"","background-image":"","background-repeat":"repeat","background-position":"center center","background-size":"auto","background-attachment":"scroll","background-type":"","background-media":"","overlay-type":"","overlay-color":"","overlay-opacity":"","overlay-gradient":""},"tablet":{"background-color":"","background-image":"","background-repeat":"repeat","background-position":"center center","background-size":"auto","background-attachment":"scroll","background-type":"","background-media":"","overlay-type":"","overlay-color":"","overlay-opacity":"","overlay-gradient":""},"mobile":{"background-color":"","background-image":"","background-repeat":"repeat","background-position":"center center","background-size":"auto","background-attachment":"scroll","background-type":"","background-media":"","overlay-type":"","overlay-color":"","overlay-opacity":"","overlay-gradient":""}},"ast-content-background-meta":{"desktop":{"background-color":"var(--ast-global-color-5)","background-image":"","background-repeat":"repeat","background-position":"center center","background-size":"auto","background-attachment":"scroll","background-type":"","background-media":"","overlay-type":"","overlay-color":"","overlay-opacity":"","overlay-gradient":""},"tablet":{"background-color":"var(--ast-global-color-5)","background-image":"","background-repeat":"repeat","background-position":"center center","background-size":"auto","background-attachment":"scroll","background-type":"","background-media":"","overlay-type":"","overlay-color":"","overlay-opacity":"","overlay-gradient":""},"mobile":{"background-color":"var(--ast-global-color-5)","background-image":"","background-repeat":"repeat","background-position":"center center","background-size":"auto","background-attachment":"scroll","background-type":"","background-media":"","overlay-type":"","overlay-color":"","overlay-opacity":"","overlay-gradient":""}},"footnotes":""},"class_list":["post-26920","page","type-page","status-publish","hentry"],"_links":{"self":[{"href":"https:\/\/eurometodix.innovandolaweb.com\/us\/wp-json\/wp\/v2\/pages\/26920","targetHints":{"allow":["GET"]}}],"collection":[{"href":"https:\/\/eurometodix.innovandolaweb.com\/us\/wp-json\/wp\/v2\/pages"}],"about":[{"href":"https:\/\/eurometodix.innovandolaweb.com\/us\/wp-json\/wp\/v2\/types\/page"}],"author":[{"embeddable":true,"href":"https:\/\/eurometodix.innovandolaweb.com\/us\/wp-json\/wp\/v2\/users\/1"}],"replies":[{"embeddable":true,"href":"https:\/\/eurometodix.innovandolaweb.com\/us\/wp-json\/wp\/v2\/comments?post=26920"}],"version-history":[{"count":178,"href":"https:\/\/eurometodix.innovandolaweb.com\/us\/wp-json\/wp\/v2\/pages\/26920\/revisions"}],"predecessor-version":[{"id":27884,"href":"https:\/\/eurometodix.innovandolaweb.com\/us\/wp-json\/wp\/v2\/pages\/26920\/revisions\/27884"}],"wp:attachment":[{"href":"https:\/\/eurometodix.innovandolaweb.com\/us\/wp-json\/wp\/v2\/media?parent=26920"}],"curies":[{"name":"wp","href":"https:\/\/api.w.org\/{rel}","templated":true}]}}